{"id":69,"date":"2025-11-04T16:11:31","date_gmt":"2025-11-04T15:11:31","guid":{"rendered":"https:\/\/cercleaveniretprogres.org\/?page_id=69"},"modified":"2026-03-15T13:49:21","modified_gmt":"2026-03-15T12:49:21","slug":"accueil","status":"publish","type":"page","link":"https:\/\/cercleaveniretprogres.org\/","title":{"rendered":"Accueil"},"content":{"rendered":"\t\t<div data-elementor-type=\"wp-page\" data-elementor-id=\"69\" class=\"elementor elementor-69\" data-elementor-post-type=\"page\">\n\t\t\t\t<div class=\"elementor-element elementor-element-11416b7 e-flex e-con-boxed e-con e-parent\" data-id=\"11416b7\" data-element_type=\"container\" data-e-type=\"container\" data-settings=\"{&quot;background_background&quot;:&quot;classic&quot;}\">\n\t\t\t\t\t<div class=\"e-con-inner\">\n\t\t<div class=\"elementor-element elementor-element-eb7639c e-con-full e-flex e-con e-child\" data-id=\"eb7639c\" data-element_type=\"container\" data-e-type=\"container\" data-settings=\"{&quot;background_background&quot;:&quot;classic&quot;}\">\n\t\t\t\t<div class=\"elementor-element elementor-element-9dfdbd0 elementor-widget elementor-widget-heading\" data-id=\"9dfdbd0\" data-element_type=\"widget\" data-e-type=\"widget\" data-widget_type=\"heading.default\">\n\t\t\t\t\t<h1 class=\"elementor-heading-title elementor-size-default\">Cercle Avenir &amp; Progr\u00e8s<\/h1>\t\t\t\t<\/div>\n\t\t\t\t<div class=\"elementor-element elementor-element-1b16b0c elementor-widget elementor-widget-heading\" data-id=\"1b16b0c\" data-element_type=\"widget\" data-e-type=\"widget\" data-widget_type=\"heading.default\">\n\t\t\t\t\t<h2 class=\"elementor-heading-title elementor-size-default\">Penser et incarner le vivre-ensemble.<\/h2>\t\t\t\t<\/div>\n\t\t\t\t<div class=\"elementor-element elementor-element-f67184f elementor-widget__width-initial elementor-widget elementor-widget-text-editor\" data-id=\"f67184f\" data-element_type=\"widget\" data-e-type=\"widget\" data-widget_type=\"text-editor.default\">\n\t\t\t\t\t\t\t\t\t<p><strong>Le Cercle Avenir &amp; Progr\u00e8s (CAP)<\/strong> est un think tank citoyen, humaniste et ind\u00e9pendant. Il r\u00e9unit des acteurs de la soci\u00e9t\u00e9 civile souhaitant<strong> faire soci\u00e9t\u00e9 autrement<\/strong>, renforcer la coh\u00e9sion r\u00e9publicaine et construire un <strong>avenir meilleur pour tous.<\/strong><\/p>\t\t\t\t\t\t\t\t<\/div>\n\t\t\t\t<div class=\"elementor-element elementor-element-8feb320 elementor-widget__width-auto elementor-widget elementor-widget-button\" data-id=\"8feb320\" data-element_type=\"widget\" data-e-type=\"widget\" data-widget_type=\"button.default\">\n\t\t\t\t\t\t\t\t\t\t<a class=\"elementor-button elementor-button-link elementor-size-sm\" href=\"https:\/\/cercleaveniretprogres.org\/?page_id=1125\">\n\t\t\t\t\t\t<span class=\"elementor-button-content-wrapper\">\n\t\t\t\t\t\t\t\t\t<span class=\"elementor-button-text\">Recevoir notre lettre<\/span>\n\t\t\t\t\t<\/span>\n\t\t\t\t\t<\/a>\n\t\t\t\t\t\t\t\t<\/div>\n\t\t\t\t<\/div>\n\t\t\t\t\t<\/div>\n\t\t\t\t<\/div>\n\t\t<div class=\"elementor-element elementor-element-c7f71a9 e-flex e-con-boxed e-con e-parent\" data-id=\"c7f71a9\" data-element_type=\"container\" data-e-type=\"container\" data-settings=\"{&quot;background_background&quot;:&quot;classic&quot;}\">\n\t\t\t\t\t<div class=\"e-con-inner\">\n\t\t\t\t<div class=\"elementor-element elementor-element-ad2f706 elementor-widget elementor-widget-heading\" data-id=\"ad2f706\" data-element_type=\"widget\" data-e-type=\"widget\" data-widget_type=\"heading.default\">\n\t\t\t\t\t<h2 class=\"elementor-heading-title elementor-size-default\"><div style=\"text-align: start\"><span>\u00ab Les hommes construisent trop de murs et pas assez de ponts.<font face=\"Montserrat, sans-serif\"><span style=\"font-style: normal\"> <\/span><\/font><\/span><span>\u00bb<\/span><span> - <\/span><span style=\"font-family: Montserrat, sans-serif;font-style: normal;text-align: start\">Isaac Newton<\/span><span> <\/span><\/div><\/h2>\t\t\t\t<\/div>\n\t\t\t\t\t<\/div>\n\t\t\t\t<\/div>\n\t\t<div class=\"elementor-element elementor-element-8e676bb e-flex e-con-boxed e-con e-parent\" data-id=\"8e676bb\" data-element_type=\"container\" data-e-type=\"container\" data-settings=\"{&quot;background_background&quot;:&quot;classic&quot;}\">\n\t\t\t\t\t<div class=\"e-con-inner\">\n\t\t<div class=\"elementor-element elementor-element-904149e e-con-full e-flex e-con e-child\" data-id=\"904149e\" data-element_type=\"container\" data-e-type=\"container\">\n\t\t<div class=\"elementor-element elementor-element-f6c847f e-con-full e-flex e-con e-child\" data-id=\"f6c847f\" data-element_type=\"container\" data-e-type=\"container\">\n\t\t\t\t<div class=\"elementor-element elementor-element-e1a58ad elementor-widget elementor-widget-heading\" data-id=\"e1a58ad\" data-element_type=\"widget\" data-e-type=\"widget\" data-widget_type=\"heading.default\">\n\t\t\t\t\t<h2 class=\"elementor-heading-title elementor-size-default\">Prochain \u00e9v\u00e9nement CAP<\/h2>\t\t\t\t<\/div>\n\t\t\t\t<div class=\"elementor-element elementor-element-17b4bc8 elementor-widget elementor-widget-image\" data-id=\"17b4bc8\" data-element_type=\"widget\" data-e-type=\"widget\" data-widget_type=\"image.default\">\n\t\t\t\t\t\t\t\t\t\t\t\t\t\t\t<img fetchpriority=\"high\" decoding=\"async\" width=\"1230\" height=\"1536\" src=\"https:\/\/cercleaveniretprogres.org\/wp-content\/uploads\/2026\/03\/Capture-de\u0301cran-2026-03-15-a\u0300-13.47.21-1230x1536.png\" class=\"attachment-1536x1536 size-1536x1536 wp-image-1234\" alt=\"\" srcset=\"https:\/\/cercleaveniretprogres.org\/wp-content\/uploads\/2026\/03\/Capture-de\u0301cran-2026-03-15-a\u0300-13.47.21-1230x1536.png 1230w, https:\/\/cercleaveniretprogres.org\/wp-content\/uploads\/2026\/03\/Capture-de\u0301cran-2026-03-15-a\u0300-13.47.21-240x300.png 240w, https:\/\/cercleaveniretprogres.org\/wp-content\/uploads\/2026\/03\/Capture-de\u0301cran-2026-03-15-a\u0300-13.47.21-820x1024.png 820w, https:\/\/cercleaveniretprogres.org\/wp-content\/uploads\/2026\/03\/Capture-de\u0301cran-2026-03-15-a\u0300-13.47.21-768x959.png 768w, https:\/\/cercleaveniretprogres.org\/wp-content\/uploads\/2026\/03\/Capture-de\u0301cran-2026-03-15-a\u0300-13.47.21-1640x2048.png 1640w, https:\/\/cercleaveniretprogres.org\/wp-content\/uploads\/2026\/03\/Capture-de\u0301cran-2026-03-15-a\u0300-13.47.21.png 1834w\" sizes=\"(max-width: 1230px) 100vw, 1230px\" \/>\t\t\t\t\t\t\t\t\t\t\t\t\t\t\t<\/div>\n\t\t\t\t<div class=\"elementor-element elementor-element-84daf2f elementor-widget__width-auto elementor-widget elementor-widget-button\" data-id=\"84daf2f\" data-element_type=\"widget\" data-e-type=\"widget\" data-widget_type=\"button.default\">\n\t\t\t\t\t\t\t\t\t\t<a class=\"elementor-button elementor-button-link elementor-size-sm\" href=\"https:\/\/www.weezevent.com\/widget_billeterie.php?id_evenement=1771619&#038;widget_key=E1771619&#038;locale=fr_FR&#038;color_primary=0032FA&#038;code=30725&#038;o=qr-code\">\n\t\t\t\t\t\t<span class=\"elementor-button-content-wrapper\">\n\t\t\t\t\t\t\t\t\t<span class=\"elementor-button-text\">S'INSCRIRE<\/span>\n\t\t\t\t\t<\/span>\n\t\t\t\t\t<\/a>\n\t\t\t\t\t\t\t\t<\/div>\n\t\t\t\t<\/div>\n\t\t\t\t<\/div>\n\t\t\t\t\t<\/div>\n\t\t\t\t<\/div>\n\t\t<div class=\"elementor-element elementor-element-07f3f9e e-flex e-con-boxed e-con e-parent\" data-id=\"07f3f9e\" data-element_type=\"container\" data-e-type=\"container\" data-settings=\"{&quot;background_background&quot;:&quot;classic&quot;}\">\n\t\t\t\t\t<div class=\"e-con-inner\">\n\t\t<div class=\"elementor-element elementor-element-8f056f0 e-con-full e-flex e-con e-child\" data-id=\"8f056f0\" data-element_type=\"container\" data-e-type=\"container\" data-settings=\"{&quot;background_background&quot;:&quot;classic&quot;}\">\n\t\t\t\t<div class=\"elementor-element elementor-element-c1676e9 elementor-widget elementor-widget-heading\" data-id=\"c1676e9\" data-element_type=\"widget\" data-e-type=\"widget\" data-widget_type=\"heading.default\">\n\t\t\t\t\t<h2 class=\"elementor-heading-title elementor-size-default\">Notre mission<\/h2>\t\t\t\t<\/div>\n\t\t\t\t<div class=\"elementor-element elementor-element-6886b64 elementor-widget elementor-widget-text-editor\" data-id=\"6886b64\" data-element_type=\"widget\" data-e-type=\"widget\" data-widget_type=\"text-editor.default\">\n\t\t\t\t\t\t\t\t\t<p><span style=\"font-weight: 400;\">R\u00e9unir citoyens, experts, acteurs de terrain et d\u00e9cideurs pour\u00a0<\/span><b>comprendre les transformations de notre \u00e9poque<\/b><span style=\"font-weight: 400;\">\u00a0et formuler des\u00a0<\/span><b>solutions r\u00e9alistes, humanistes et audacieuses<\/b><span style=\"font-weight: 400;\">.<\/span><\/p><p><span style=\"font-weight: 400;\">Par le dialogue et la r\u00e9flexion collective, CAP\u00a0<\/span><b>pense et incarne le vivre-ensemble<\/b><span style=\"font-weight: 400;\">, au service d\u2019un\u00a0<\/span><b>humanisme r\u00e9publicain fond\u00e9 sur la responsabilit\u00e9, la la\u00efcit\u00e9 et l\u2019ouverture \u00e0 l\u2019autre<\/b><span style=\"font-weight: 400;\">.<\/span><\/p>\t\t\t\t\t\t\t\t<\/div>\n\t\t\t\t<\/div>\n\t\t<div class=\"elementor-element elementor-element-fe535a9 e-con-full e-flex e-con e-child\" data-id=\"fe535a9\" data-element_type=\"container\" data-e-type=\"container\" data-settings=\"{&quot;background_background&quot;:&quot;classic&quot;}\">\n\t\t\t\t<div class=\"elementor-element elementor-element-67fcf88 elementor-widget elementor-widget-heading\" data-id=\"67fcf88\" data-element_type=\"widget\" data-e-type=\"widget\" data-widget_type=\"heading.default\">\n\t\t\t\t\t<h2 class=\"elementor-heading-title elementor-size-default\">Nos choix structurants<\/h2>\t\t\t\t<\/div>\n\t\t\t\t<div class=\"elementor-element elementor-element-b3e6805 elementor-widget elementor-widget-text-editor\" data-id=\"b3e6805\" data-element_type=\"widget\" data-e-type=\"widget\" data-widget_type=\"text-editor.default\">\n\t\t\t\t\t\t\t\t\t<p><span style=\"background-color: rgba(255, 255, 255, 0);\">Contrairement \u00e0 d\u2019autres think tanks, CAP repose sur\u00a0<\/span><b style=\"background-color: rgba(255, 255, 255, 0);\">trois principes clairs<\/b><span style=\"background-color: rgba(255, 255, 255, 0);\">\u00a0:<\/span><\/p><p><b>L\u2019ind\u00e9pendance\u00a0: <\/b><span style=\"font-weight: 400;\">CAP ne d\u00e9pend d\u2019aucune formation politique ni organisation. Ses travaux sont guid\u00e9s par la seule recherche du\u00a0<\/span><b>bien commun<\/b><span style=\"font-weight: 400;\">.<\/span><\/p><p><b>Le pluralisme<\/b><span style=\"font-weight: 400;\">\u00a0: les membres de CAP viennent d\u2019horizons politiques, sociaux et professionnels divers. Cette diversit\u00e9 nourrit la r\u00e9flexion et\u00a0<\/span><b>pr\u00e9serve de l\u2019entre-soi<\/b><span style=\"font-weight: 400;\">.<\/span><\/p><p><b>L\u2019action<\/b><span style=\"font-weight: 400;\">\u00a0: une id\u00e9e n\u2019a de valeur que si elle peut \u00eatre\u00a0<\/span><b>mise en \u0153uvre<\/b><span style=\"font-weight: 400;\">.<\/span><span style=\"font-weight: 400;\"><br \/><\/span><span style=\"font-weight: 400;\">Les groupes de travail formulent des\u00a0<\/span><b>propositions op\u00e9rationnelles<\/b><span style=\"font-weight: 400;\">, discut\u00e9es dans la soci\u00e9t\u00e9 civile comme au niveau institutionnel.<\/span><\/p>\t\t\t\t\t\t\t\t<\/div>\n\t\t\t\t<\/div>\n\t\t<div class=\"elementor-element elementor-element-6842f63 e-con-full e-flex e-con e-child\" data-id=\"6842f63\" data-element_type=\"container\" data-e-type=\"container\" data-settings=\"{&quot;background_background&quot;:&quot;classic&quot;}\">\n\t\t\t\t<div class=\"elementor-element elementor-element-098712f elementor-widget elementor-widget-heading\" data-id=\"098712f\" data-element_type=\"widget\" data-e-type=\"widget\" data-widget_type=\"heading.default\">\n\t\t\t\t\t<h2 class=\"elementor-heading-title elementor-size-default\">Ce que nous faisons<\/h2>\t\t\t\t<\/div>\n\t\t\t\t<div class=\"elementor-element elementor-element-098674d elementor-widget elementor-widget-text-editor\" data-id=\"098674d\" data-element_type=\"widget\" data-e-type=\"widget\" data-widget_type=\"text-editor.default\">\n\t\t\t\t\t\t\t\t\t<p><b>\ud83d\udd0d<\/b><b> Analyser <\/b><span style=\"font-weight: 400;\">pour comprendre les grands enjeux contemporains et \u00e9clairer le d\u00e9bat public.<br \/><\/span><span style=\"font-weight: 400;\"><br \/><\/span><\/p><p><b>\ud83d\udde3\ufe0f<\/b><b> D\u00e9battre <span style=\"font-weight: 400;\">pour \u00e9clairer et confronter les id\u00e9es, dans des espaces ouverts et exigeants.<\/span><span style=\"font-weight: 400;\"><br \/><\/span><\/b><\/p><p><b><br \/>\ud83e\udd1d<\/b><b> Co-construire <\/b><span style=\"font-weight: 400;\">des solutions concr\u00e8tes, r\u00e9alistes et utiles au service du vivre-ensemble.<\/span><\/p>\t\t\t\t\t\t\t\t<\/div>\n\t\t\t\t<\/div>\n\t\t\t\t\t<\/div>\n\t\t\t\t<\/div>\n\t\t<div class=\"elementor-element elementor-element-a85e825 e-flex e-con-boxed e-con e-parent\" data-id=\"a85e825\" data-element_type=\"container\" data-e-type=\"container\">\n\t\t\t\t\t<div class=\"e-con-inner\">\n\t\t<div class=\"elementor-element elementor-element-ef06c42 e-con-full e-flex e-con e-child\" data-id=\"ef06c42\" data-element_type=\"container\" data-e-type=\"container\" data-settings=\"{&quot;background_background&quot;:&quot;classic&quot;,&quot;position&quot;:&quot;absolute&quot;}\">\n\t\t\t\t<div class=\"elementor-element elementor-element-0c79705 elementor-widget elementor-widget-heading\" data-id=\"0c79705\" data-element_type=\"widget\" data-e-type=\"widget\" data-widget_type=\"heading.default\">\n\t\t\t\t\t<h2 class=\"elementor-heading-title elementor-size-default\"><div style=\"text-align: start\"><span>\u00ab S'informer, c'est d\u00e9j\u00e0 participer<font face=\"Montserrat, sans-serif\"><span style=\"font-style: normal\"> <\/span><\/font><\/span><span>\u00bb<\/span><span> - <\/span><span style=\"font-family: Montserrat, sans-serif;font-style: normal;text-align: start\">CAP<\/span><span style=\"text-align: center\"><\/span><\/div><\/h2>\t\t\t\t<\/div>\n\t\t\t\t<\/div>\n\t\t\t\t<div class=\"elementor-element elementor-element-1b608c4 elementor-widget elementor-widget-heading\" data-id=\"1b608c4\" data-element_type=\"widget\" data-e-type=\"widget\" data-widget_type=\"heading.default\">\n\t\t\t\t\t<h2 class=\"elementor-heading-title elementor-size-default\">Nous suivre<\/h2>\t\t\t\t<\/div>\n\t\t\t\t<div class=\"elementor-element elementor-element-b398920 elementor-shape-rounded elementor-grid-0 e-grid-align-center elementor-widget elementor-widget-social-icons\" data-id=\"b398920\" data-element_type=\"widget\" data-e-type=\"widget\" data-widget_type=\"social-icons.default\">\n\t\t\t\t\t\t\t<div class=\"elementor-social-icons-wrapper elementor-grid\" role=\"list\">\n\t\t\t\t\t\t\t<span class=\"elementor-grid-item\" role=\"listitem\">\n\t\t\t\t\t<a class=\"elementor-icon elementor-social-icon elementor-social-icon-linkedin elementor-repeater-item-3110d6e\" target=\"_blank\">\n\t\t\t\t\t\t<span class=\"elementor-screen-only\">Linkedin<\/span>\n\t\t\t\t\t\t<svg aria-hidden=\"true\" class=\"e-font-icon-svg e-fab-linkedin\" viewBox=\"0 0 448 512\" xmlns=\"http:\/\/www.w3.org\/2000\/svg\"><path d=\"M416 32H31.9C14.3 32 0 46.5 0 64.3v383.4C0 465.5 14.3 480 31.9 480H416c17.6 0 32-14.5 32-32.3V64.3c0-17.8-14.4-32.3-32-32.3zM135.4 416H69V202.2h66.5V416zm-33.2-243c-21.3 0-38.5-17.3-38.5-38.5S80.9 96 102.2 96c21.2 0 38.5 17.3 38.5 38.5 0 21.3-17.2 38.5-38.5 38.5zm282.1 243h-66.4V312c0-24.8-.5-56.7-34.5-56.7-34.6 0-39.9 27-39.9 54.9V416h-66.4V202.2h63.7v29.2h.9c8.9-16.8 30.6-34.5 62.9-34.5 67.2 0 79.7 44.3 79.7 101.9V416z\"><\/path><\/svg>\t\t\t\t\t<\/a>\n\t\t\t\t<\/span>\n\t\t\t\t\t\t\t<span class=\"elementor-grid-item\" role=\"listitem\">\n\t\t\t\t\t<a class=\"elementor-icon elementor-social-icon elementor-social-icon-facebook elementor-repeater-item-48af9ff\" target=\"_blank\">\n\t\t\t\t\t\t<span class=\"elementor-screen-only\">Facebook<\/span>\n\t\t\t\t\t\t<svg aria-hidden=\"true\" class=\"e-font-icon-svg e-fab-facebook\" viewBox=\"0 0 512 512\" xmlns=\"http:\/\/www.w3.org\/2000\/svg\"><path d=\"M504 256C504 119 393 8 256 8S8 119 8 256c0 123.78 90.69 226.38 209.25 245V327.69h-63V256h63v-54.64c0-62.15 37-96.48 93.67-96.48 27.14 0 55.52 4.84 55.52 4.84v61h-31.28c-30.8 0-40.41 19.12-40.41 38.73V256h68.78l-11 71.69h-57.78V501C413.31 482.38 504 379.78 504 256z\"><\/path><\/svg>\t\t\t\t\t<\/a>\n\t\t\t\t<\/span>\n\t\t\t\t\t\t\t<span class=\"elementor-grid-item\" role=\"listitem\">\n\t\t\t\t\t<a class=\"elementor-icon elementor-social-icon elementor-social-icon-twitter elementor-repeater-item-fe7c300\" target=\"_blank\">\n\t\t\t\t\t\t<span class=\"elementor-screen-only\">Twitter<\/span>\n\t\t\t\t\t\t<svg aria-hidden=\"true\" class=\"e-font-icon-svg e-fab-twitter\" viewBox=\"0 0 512 512\" xmlns=\"http:\/\/www.w3.org\/2000\/svg\"><path d=\"M459.37 151.716c.325 4.548.325 9.097.325 13.645 0 138.72-105.583 298.558-298.558 298.558-59.452 0-114.68-17.219-161.137-47.106 8.447.974 16.568 1.299 25.34 1.299 49.055 0 94.213-16.568 130.274-44.832-46.132-.975-84.792-31.188-98.112-72.772 6.498.974 12.995 1.624 19.818 1.624 9.421 0 18.843-1.3 27.614-3.573-48.081-9.747-84.143-51.98-84.143-102.985v-1.299c13.969 7.797 30.214 12.67 47.431 13.319-28.264-18.843-46.781-51.005-46.781-87.391 0-19.492 5.197-37.36 14.294-52.954 51.655 63.675 129.3 105.258 216.365 109.807-1.624-7.797-2.599-15.918-2.599-24.04 0-57.828 46.782-104.934 104.934-104.934 30.213 0 57.502 12.67 76.67 33.137 23.715-4.548 46.456-13.32 66.599-25.34-7.798 24.366-24.366 44.833-46.132 57.827 21.117-2.273 41.584-8.122 60.426-16.243-14.292 20.791-32.161 39.308-52.628 54.253z\"><\/path><\/svg>\t\t\t\t\t<\/a>\n\t\t\t\t<\/span>\n\t\t\t\t\t\t\t<span class=\"elementor-grid-item\" role=\"listitem\">\n\t\t\t\t\t<a class=\"elementor-icon elementor-social-icon elementor-social-icon-youtube elementor-repeater-item-58ebf9d\" target=\"_blank\">\n\t\t\t\t\t\t<span class=\"elementor-screen-only\">Youtube<\/span>\n\t\t\t\t\t\t<svg aria-hidden=\"true\" class=\"e-font-icon-svg e-fab-youtube\" viewBox=\"0 0 576 512\" xmlns=\"http:\/\/www.w3.org\/2000\/svg\"><path d=\"M549.655 124.083c-6.281-23.65-24.787-42.276-48.284-48.597C458.781 64 288 64 288 64S117.22 64 74.629 75.486c-23.497 6.322-42.003 24.947-48.284 48.597-11.412 42.867-11.412 132.305-11.412 132.305s0 89.438 11.412 132.305c6.281 23.65 24.787 41.5 48.284 47.821C117.22 448 288 448 288 448s170.78 0 213.371-11.486c23.497-6.321 42.003-24.171 48.284-47.821 11.412-42.867 11.412-132.305 11.412-132.305s0-89.438-11.412-132.305zm-317.51 213.508V175.185l142.739 81.205-142.739 81.201z\"><\/path><\/svg>\t\t\t\t\t<\/a>\n\t\t\t\t<\/span>\n\t\t\t\t\t<\/div>\n\t\t\t\t\t\t<\/div>\n\t\t\t\t\t<\/div>\n\t\t\t\t<\/div>\n\t\t<div class=\"elementor-element elementor-element-5ec2747 e-flex e-con-boxed e-con e-parent\" data-id=\"5ec2747\" data-element_type=\"container\" data-e-type=\"container\" data-settings=\"{&quot;background_background&quot;:&quot;classic&quot;}\">\n\t\t\t\t\t<div class=\"e-con-inner\">\n\t\t\t\t<div class=\"elementor-element elementor-element-5846e20 elementor-widget elementor-widget-html\" data-id=\"5846e20\" data-element_type=\"widget\" data-e-type=\"widget\" data-widget_type=\"html.default\">\n\t\t\t\t\t<iframe width=\"540\" height=500 src=\"https:\/\/3110629a.sibforms.com\/serve\/MUIFADn5sriyyq3EHEYy4cnhVyGtbkJFYHWHHqOQ7aRqQWPPbdBKE3W4PLFp7JCYO1yOGD5X1cW-qdQL-sU4DISl4wbQXK13dK7VK4UJwHlDm99AIzMMl0Zwg75R3ndYC82-0BsRJKFg3YUAWMKhrEeBcwgyOIb4zP5VYQUXeCK__1o8E-demoqcWkExvj7P1fUybwmtZDrB-sD-Lw==\" frameborder=\"0\" scrolling=\"auto\" allowfullscreen style=\"display: block;margin-left: auto;margin-right: auto;max-width: 100%;\"><\/iframe>\t\t\t\t<\/div>\n\t\t\t\t\t<\/div>\n\t\t\t\t<\/div>\n\t\t<div class=\"elementor-element elementor-element-9707e88 e-flex e-con-boxed e-con e-parent\" data-id=\"9707e88\" data-element_type=\"container\" data-e-type=\"container\" data-settings=\"{&quot;background_background&quot;:&quot;classic&quot;}\">\n\t\t\t\t\t<div class=\"e-con-inner\">\n\t\t\t\t<div class=\"elementor-element elementor-element-5afd97e elementor-widget elementor-widget-heading\" data-id=\"5afd97e\" data-element_type=\"widget\" data-e-type=\"widget\" data-widget_type=\"heading.default\">\n\t\t\t\t\t<h2 class=\"elementor-heading-title elementor-size-default\"><i>\u00ab Faire soci\u00e9t\u00e9, c\u2019est relier les \u00eatres plut\u00f4t que de les opposer. \u00bb <\/i><span style=\"text-align: start\">- <\/span><span style=\"font-family: Montserrat, sans-serif;font-style: normal;text-align: start\">CAP, Cercle Avenir &amp; Progr\u00e8s<\/span><span style=\"font-family: Montserrat, sans-serif;font-style: normal;text-align: start\"><\/span><span><\/span><br><\/h2>\t\t\t\t<\/div>\n\t\t\t\t\t<\/div>\n\t\t\t\t<\/div>\n\t\t\t\t<\/div>\n\t\t","protected":false},"excerpt":{"rendered":"<p>Cercle Avenir &amp; Progr\u00e8s Penser et incarner le vivre-ensemble. Le Cercle Avenir &amp; Progr\u00e8s (CAP) est un think tank citoyen, humaniste et ind\u00e9pendant. Il r\u00e9unit des acteurs de la soci\u00e9t\u00e9 civile souhaitant faire soci\u00e9t\u00e9 autrement, renforcer la coh\u00e9sion r\u00e9publicaine et construire un avenir meilleur pour tous. Recevoir notre lettre \u00ab Les hommes construisent trop de [&hellip;]<\/p>\n","protected":false},"author":1,"featured_media":0,"parent":0,"menu_order":0,"comment_status":"closed","ping_status":"closed","template":"","meta":{"footnotes":""},"class_list":["post-69","page","type-page","status-publish","hentry"],"_links":{"self":[{"href":"https:\/\/cercleaveniretprogres.org\/index.php?rest_route=\/wp\/v2\/pages\/69","targetHints":{"allow":["GET"]}}],"collection":[{"href":"https:\/\/cercleaveniretprogres.org\/index.php?rest_route=\/wp\/v2\/pages"}],"about":[{"href":"https:\/\/cercleaveniretprogres.org\/index.php?rest_route=\/wp\/v2\/types\/page"}],"author":[{"embeddable":true,"href":"https:\/\/cercleaveniretprogres.org\/index.php?rest_route=\/wp\/v2\/users\/1"}],"replies":[{"embeddable":true,"href":"https:\/\/cercleaveniretprogres.org\/index.php?rest_route=%2Fwp%2Fv2%2Fcomments&post=69"}],"version-history":[{"count":298,"href":"https:\/\/cercleaveniretprogres.org\/index.php?rest_route=\/wp\/v2\/pages\/69\/revisions"}],"predecessor-version":[{"id":1237,"href":"https:\/\/cercleaveniretprogres.org\/index.php?rest_route=\/wp\/v2\/pages\/69\/revisions\/1237"}],"wp:attachment":[{"href":"https:\/\/cercleaveniretprogres.org\/index.php?rest_route=%2Fwp%2Fv2%2Fmedia&parent=69"}],"curies":[{"name":"wp","href":"https:\/\/api.w.org\/{rel}","templated":true}]}}