{"id":532,"date":"2025-12-13T13:55:39","date_gmt":"2025-12-13T12:55:39","guid":{"rendered":"https:\/\/cercleaveniretprogres.org\/?page_id=532"},"modified":"2026-02-20T15:16:55","modified_gmt":"2026-02-20T14:16:55","slug":"elementor-page-532","status":"publish","type":"page","link":"https:\/\/cercleaveniretprogres.org\/?page_id=532","title":{"rendered":"Rejoindre CAP"},"content":{"rendered":"\t\t<div data-elementor-type=\"wp-page\" data-elementor-id=\"532\" class=\"elementor elementor-532\" data-elementor-post-type=\"page\">\n\t\t\t\t<div class=\"elementor-element elementor-element-2e74f79 e-flex e-con-boxed e-con e-parent\" data-id=\"2e74f79\" data-element_type=\"container\" data-e-type=\"container\" data-settings=\"{&quot;background_background&quot;:&quot;classic&quot;}\">\n\t\t\t\t\t<div class=\"e-con-inner\">\n\t\t\t\t<div class=\"elementor-element elementor-element-8f87934 elementor-widget elementor-widget-heading\" data-id=\"8f87934\" data-element_type=\"widget\" data-e-type=\"widget\" data-widget_type=\"heading.default\">\n\t\t\t\t\t<h2 class=\"elementor-heading-title elementor-size-default\">Cercle Avenir &amp; Progr\u00e8s<\/h2>\t\t\t\t<\/div>\n\t\t\t\t<div class=\"elementor-element elementor-element-274ba11 elementor-widget elementor-widget-heading\" data-id=\"274ba11\" data-element_type=\"widget\" data-e-type=\"widget\" data-widget_type=\"heading.default\">\n\t\t\t\t\t<h2 class=\"elementor-heading-title elementor-size-default\">FAIRE SOCI\u00c9T\u00c9 C'EST D'ABORD S'ENGAGER<\/h2>\t\t\t\t<\/div>\n\t\t\t\t<div class=\"elementor-element elementor-element-1e4f801 elementor-widget elementor-widget-text-editor\" data-id=\"1e4f801\" data-element_type=\"widget\" data-e-type=\"widget\" data-widget_type=\"text-editor.default\">\n\t\t\t\t\t\t\t\t\t<p><span style=\"font-weight: 400;\">Adh\u00e9rer c\u2019est rejoindre un think tank citoyen, humaniste et ind\u00e9pendant qui \u0153uvre pour la r\u00e9conciliation du vivre-ensemble. Nous rejoindre soutient l\u2019ind\u00e9pendance du Cercle, alimente ses travaux et renforce son rayonnement au service du bien commun.\u00a0<\/span><\/p>\t\t\t\t\t\t\t\t<\/div>\n\t\t\t\t\t<\/div>\n\t\t\t\t<\/div>\n\t\t<div class=\"elementor-element elementor-element-a745ed4 e-flex e-con-boxed e-con e-parent\" data-id=\"a745ed4\" data-element_type=\"container\" data-e-type=\"container\" data-settings=\"{&quot;background_background&quot;:&quot;classic&quot;}\">\n\t\t\t\t\t<div class=\"e-con-inner\">\n\t\t\t\t<div class=\"elementor-element elementor-element-e22e340 elementor-widget__width-initial elementor-widget elementor-widget-heading\" data-id=\"e22e340\" data-element_type=\"widget\" data-e-type=\"widget\" data-widget_type=\"heading.default\">\n\t\t\t\t\t<h2 class=\"elementor-heading-title elementor-size-default\">Votre adh\u00e9sion soutient l\u2019ind\u00e9pendance, les travaux et le rayonnement de CAP au service du bien commun.\n\n<\/h2>\t\t\t\t<\/div>\n\t\t\t\t\t<\/div>\n\t\t\t\t<\/div>\n\t\t<div class=\"elementor-element elementor-element-57123c9 e-flex e-con-boxed e-con e-parent\" data-id=\"57123c9\" data-element_type=\"container\" data-e-type=\"container\">\n\t\t\t\t\t<div class=\"e-con-inner\">\n\t\t<div class=\"elementor-element elementor-element-63f928a e-con-full e-flex e-con e-child\" data-id=\"63f928a\" data-element_type=\"container\" data-e-type=\"container\" data-settings=\"{&quot;background_background&quot;:&quot;classic&quot;}\">\n\t\t\t\t<div class=\"elementor-element elementor-element-bc4c2cf elementor-widget elementor-widget-heading\" data-id=\"bc4c2cf\" data-element_type=\"widget\" data-e-type=\"widget\" data-widget_type=\"heading.default\">\n\t\t\t\t\t<h2 class=\"elementor-heading-title elementor-size-default\">POURQUOI ADH\u00c9RER <\/h2>\t\t\t\t<\/div>\n\t\t\t\t<div class=\"elementor-element elementor-element-2eb007e elementor-widget elementor-widget-text-editor\" data-id=\"2eb007e\" data-element_type=\"widget\" data-e-type=\"widget\" data-widget_type=\"text-editor.default\">\n\t\t\t\t\t\t\t\t\t<p><span style=\"font-weight: 400;\">S\u2019engager, c\u2019est\u00a0<\/span><b>participer concr\u00e8tement \u00e0 la r\u00e9flexion collective<\/b><span style=\"font-weight: 400;\">.<\/span><\/p><p><span style=\"font-weight: 400;\">Adh\u00e9rer \u00e0 CAP, c\u2019est faire le choix d\u2019un\u00a0<\/span><b>engagement intellectuel et civique<\/b><span style=\"font-weight: 400;\">, au sein d\u2019une communaut\u00e9 qui relie citoyens, chercheurs, entrepreneurs et \u00e9lus pour\u00a0<\/span><b>penser et faire soci\u00e9t\u00e9 autrement<\/b><span style=\"font-weight: 400;\">.<\/span><\/p><p><span style=\"font-weight: 400;\">Votre adh\u00e9sion permet de :<\/span><\/p><ul><li><b>Soutenir l\u2019ind\u00e9pendance<\/b><span style=\"font-weight: 400;\">\u00a0intellectuelle de CAP<br \/><br \/><\/span><\/li><li><b>Financer<\/b><span style=\"font-weight: 400;\">\u00a0publications, conf\u00e9rences et podcasts<br \/><br \/><\/span><\/li><li><b>Participer<\/b><span style=\"font-weight: 400;\">\u00a0aux groupes de travail et aux d\u00eeners-d\u00e9bats<\/span><\/li><\/ul>\t\t\t\t\t\t\t\t<\/div>\n\t\t\t\t<div class=\"elementor-element elementor-element-a571fab elementor-widget__width-auto elementor-align-center elementor-widget elementor-widget-button\" data-id=\"a571fab\" data-element_type=\"widget\" data-e-type=\"widget\" data-widget_type=\"button.default\">\n\t\t\t\t\t\t\t\t\t\t<a class=\"elementor-button elementor-button-link elementor-size-sm\" href=\"https:\/\/cercleaveniretprogres.org\/?page_id=68\">\n\t\t\t\t\t\t<span class=\"elementor-button-content-wrapper\">\n\t\t\t\t\t\t\t\t\t<span class=\"elementor-button-text\">NOS TRAVAUX<\/span>\n\t\t\t\t\t<\/span>\n\t\t\t\t\t<\/a>\n\t\t\t\t\t\t\t\t<\/div>\n\t\t\t\t<div class=\"elementor-element elementor-element-3d3e493 elementor-widget__width-auto elementor-widget elementor-widget-button\" data-id=\"3d3e493\" data-element_type=\"widget\" data-e-type=\"widget\" data-widget_type=\"button.default\">\n\t\t\t\t\t\t\t\t\t\t<a class=\"elementor-button elementor-button-link elementor-size-sm\" href=\"https:\/\/cercleaveniretprogres.org\/?page_id=928\u00a0\">\n\t\t\t\t\t\t<span class=\"elementor-button-content-wrapper\">\n\t\t\t\t\t\t\t\t\t<span class=\"elementor-button-text\">NOUS REJOINDRE<\/span>\n\t\t\t\t\t<\/span>\n\t\t\t\t\t<\/a>\n\t\t\t\t\t\t\t\t<\/div>\n\t\t\t\t<\/div>\n\t\t<div class=\"elementor-element elementor-element-c35dafc e-con-full e-flex e-con e-child\" data-id=\"c35dafc\" data-element_type=\"container\" data-e-type=\"container\" data-settings=\"{&quot;background_background&quot;:&quot;classic&quot;}\">\n\t\t\t\t<div class=\"elementor-element elementor-element-d46278b elementor-widget elementor-widget-heading\" data-id=\"d46278b\" data-element_type=\"widget\" data-e-type=\"widget\" data-widget_type=\"heading.default\">\n\t\t\t\t\t<h2 class=\"elementor-heading-title elementor-size-default\">COTISATION<\/h2>\t\t\t\t<\/div>\n\t\t\t\t<div class=\"elementor-element elementor-element-c01d2da elementor-widget elementor-widget-text-editor\" data-id=\"c01d2da\" data-element_type=\"widget\" data-e-type=\"widget\" data-widget_type=\"text-editor.default\">\n\t\t\t\t\t\t\t\t\t<p><span style=\"font-weight: 400;\">La cotisation annuelle au Cercle Avenir &amp; Progr\u00e8s est fix\u00e9e \u00e0\u00a0<\/span><b>500 \u20ac<\/b><span style=\"font-weight: 400;\">.<\/span><span style=\"font-weight: 400;\"><br \/><\/span><span style=\"font-weight: 400;\">Le r\u00e8glement n\u2019est possible\u00a0<\/span><b>qu\u2019apr\u00e8s validation de votre candidature<\/b><span style=\"font-weight: 400;\">, afin de garantir la coh\u00e9rence et la qualit\u00e9 de la communaut\u00e9.<\/span><\/p><p><span style=\"font-weight: 400;\">Cette contribution permet de financer les activit\u00e9s du Cercle et d\u2019assurer sa neutralit\u00e9 financi\u00e8re.<\/span><\/p><p><span style=\"font-weight: 400;\">Elle ouvre droit \u00e0 une\u00a0<\/span><b>d\u00e9duction fiscale<\/b><span style=\"font-weight: 400;\">, conform\u00e9ment aux dispositions de la loi du 1er juillet 1901.<\/span><span style=\"font-weight: 400;\"><br \/><\/span><span style=\"font-weight: 400;\">Une\u00a0<\/span><b>attestation fiscale<\/b><span style=\"font-weight: 400;\">\u00a0est \u00e9mise automatiquement via HelloAsso d\u00e8s le paiement.<\/span><\/p>\t\t\t\t\t\t\t\t<\/div>\n\t\t\t\t<div class=\"elementor-element elementor-element-70d920c elementor-widget__width-auto elementor-widget elementor-widget-button\" data-id=\"70d920c\" data-element_type=\"widget\" data-e-type=\"widget\" data-widget_type=\"button.default\">\n\t\t\t\t\t\t\t\t\t\t<a class=\"elementor-button elementor-button-link elementor-size-sm\" href=\"#\">\n\t\t\t\t\t\t<span class=\"elementor-button-content-wrapper\">\n\t\t\t\t\t\t\t\t\t<span class=\"elementor-button-text\">R\u00c9GLER MA COTISATION<\/span>\n\t\t\t\t\t<\/span>\n\t\t\t\t\t<\/a>\n\t\t\t\t\t\t\t\t<\/div>\n\t\t\t\t<\/div>\n\t\t<div class=\"elementor-element elementor-element-dd9cee9 e-con-full e-flex e-con e-child\" data-id=\"dd9cee9\" data-element_type=\"container\" data-e-type=\"container\" data-settings=\"{&quot;background_background&quot;:&quot;classic&quot;}\">\n\t\t\t\t<div class=\"elementor-element elementor-element-f15eef9 elementor-widget elementor-widget-heading\" data-id=\"f15eef9\" data-element_type=\"widget\" data-e-type=\"widget\" data-widget_type=\"heading.default\">\n\t\t\t\t\t<h2 class=\"elementor-heading-title elementor-size-default\">Charte du financement CAP\n<\/h2>\t\t\t\t<\/div>\n\t\t\t\t<div class=\"elementor-element elementor-element-56f674f elementor-widget elementor-widget-text-editor\" data-id=\"56f674f\" data-element_type=\"widget\" data-e-type=\"widget\" data-widget_type=\"text-editor.default\">\n\t\t\t\t\t\t\t\t\t<p><span style=\"font-weight: 400;\">Ind\u00e9pendance, transparence, \u00e9thique.<\/span><\/p><p><span style=\"font-weight: 400;\"><br \/><\/span><span style=\"font-weight: 400;\">Le Cercle Avenir &amp; Progr\u00e8s veille \u00e0 ce que chaque ressource financi\u00e8re serve exclusivement ses missions d\u2019int\u00e9r\u00eat g\u00e9n\u00e9ral. Cette charte garantit un fonctionnement exemplaire, conforme \u00e0 nos valeurs et \u00e0 l\u2019exigence de notre d\u00e9marche<\/span><span style=\"font-weight: 400;\">.<\/span><\/p><p>\u00a0<\/p><p><span style=\"font-weight: 400;\">Nos 5 principes fondateurs<\/span><\/p><ol><li style=\"font-weight: 400;\" aria-level=\"1\"><span style=\"font-weight: 400;\">Ind\u00e9pendance\u00a0\u2014 aucun financement ne doit influencer nos analyses ni orienter nos travaux.<\/span><\/li><li style=\"font-weight: 400;\" aria-level=\"1\"><span style=\"font-weight: 400;\">Transparence\u00a0\u2014 l\u2019ensemble des sources de financement est publi\u00e9 chaque ann\u00e9e.<\/span><\/li><li style=\"font-weight: 400;\" aria-level=\"1\"><span style=\"font-weight: 400;\">\u00c9thique\u00a0\u2014 nous refusons tout soutien contraire aux valeurs humanistes et r\u00e9publicaines.<\/span><\/li><li style=\"font-weight: 400;\" aria-level=\"1\"><span style=\"font-weight: 400;\">Diversit\u00e9 des ressources\u00a0\u2014 adh\u00e9sions, dons, partenariats \u00e9thiques et m\u00e9c\u00e9nats.<\/span><\/li><li style=\"font-weight: 400;\" aria-level=\"1\"><span style=\"font-weight: 400;\">Utilisation responsable\u00a0\u2014 chaque euro est consacr\u00e9 \u00e0 la r\u00e9flexion, \u00e0 la production intellectuelle et \u00e0 l\u2019action citoyenne.<\/span><\/li><\/ol>\t\t\t\t\t\t\t\t<\/div>\n\t\t\t\t<div class=\"elementor-element elementor-element-df6877d elementor-widget__width-auto elementor-widget elementor-widget-button\" data-id=\"df6877d\" data-element_type=\"widget\" data-e-type=\"widget\" data-widget_type=\"button.default\">\n\t\t\t\t\t\t\t\t\t\t<a class=\"elementor-button elementor-button-link elementor-size-sm\" href=\"https:\/\/cercleaveniretprogres.org\/wp-content\/uploads\/2026\/01\/4_4-Charte_Ethique_Financement_CAP-2.docx.pdf\">\n\t\t\t\t\t\t<span class=\"elementor-button-content-wrapper\">\n\t\t\t\t\t\t\t\t\t<span class=\"elementor-button-text\">T\u00c9L\u00c9CHARGER LA CHARTE DE FINANCEMENT<\/span>\n\t\t\t\t\t<\/span>\n\t\t\t\t\t<\/a>\n\t\t\t\t\t\t\t\t<\/div>\n\t\t\t\t<\/div>\n\t\t\t\t\t<\/div>\n\t\t\t\t<\/div>\n\t\t\t\t<\/div>\n\t\t","protected":false},"excerpt":{"rendered":"<p>Cercle Avenir &amp; Progr\u00e8s FAIRE SOCI\u00c9T\u00c9 C&rsquo;EST D&rsquo;ABORD S&rsquo;ENGAGER Adh\u00e9rer c\u2019est rejoindre un think tank citoyen, humaniste et ind\u00e9pendant qui \u0153uvre pour la r\u00e9conciliation du vivre-ensemble. Nous rejoindre soutient l\u2019ind\u00e9pendance du Cercle, alimente ses travaux et renforce son rayonnement au service du bien commun.\u00a0 Votre adh\u00e9sion soutient l\u2019ind\u00e9pendance, les travaux et le rayonnement de CAP [&hellip;]<\/p>\n","protected":false},"author":2,"featured_media":0,"parent":0,"menu_order":0,"comment_status":"closed","ping_status":"closed","template":"elementor_header_footer","meta":{"footnotes":""},"class_list":["post-532","page","type-page","status-publish","hentry"],"_links":{"self":[{"href":"https:\/\/cercleaveniretprogres.org\/index.php?rest_route=\/wp\/v2\/pages\/532","targetHints":{"allow":["GET"]}}],"collection":[{"href":"https:\/\/cercleaveniretprogres.org\/index.php?rest_route=\/wp\/v2\/pages"}],"about":[{"href":"https:\/\/cercleaveniretprogres.org\/index.php?rest_route=\/wp\/v2\/types\/page"}],"author":[{"embeddable":true,"href":"https:\/\/cercleaveniretprogres.org\/index.php?rest_route=\/wp\/v2\/users\/2"}],"replies":[{"embeddable":true,"href":"https:\/\/cercleaveniretprogres.org\/index.php?rest_route=%2Fwp%2Fv2%2Fcomments&post=532"}],"version-history":[{"count":55,"href":"https:\/\/cercleaveniretprogres.org\/index.php?rest_route=\/wp\/v2\/pages\/532\/revisions"}],"predecessor-version":[{"id":1203,"href":"https:\/\/cercleaveniretprogres.org\/index.php?rest_route=\/wp\/v2\/pages\/532\/revisions\/1203"}],"wp:attachment":[{"href":"https:\/\/cercleaveniretprogres.org\/index.php?rest_route=%2Fwp%2Fv2%2Fmedia&parent=532"}],"curies":[{"name":"wp","href":"https:\/\/api.w.org\/{rel}","templated":true}]}}